{"id":49,"date":"2016-09-18T14:06:20","date_gmt":"2016-09-18T12:06:20","guid":{"rendered":"http:\/\/localhost:8888\/feuerwehrv3wp\/?page_id=49"},"modified":"2024-11-21T14:27:58","modified_gmt":"2024-11-21T13:27:58","slug":"impressum","status":"publish","type":"page","link":"http:\/\/www.ff-liebenfels.at\/?page_id=49","title":{"rendered":"Impressum"},"content":{"rendered":"\n<figure class=\"wp-block-image is-resized\"><img loading=\"lazy\" decoding=\"async\" width=\"761\" height=\"600\" src=\"http:\/\/www.ff-liebenfels.at\/wp-content\/uploads\/2018\/12\/FF_Liebenfels_R\u00fcshaus-ausen.jpg\" alt=\"\" class=\"wp-image-159\" style=\"width:202px;height:159px\" srcset=\"http:\/\/www.ff-liebenfels.at\/wp-content\/uploads\/2018\/12\/FF_Liebenfels_R\u00fcshaus-ausen.jpg 761w, http:\/\/www.ff-liebenfels.at\/wp-content\/uploads\/2018\/12\/FF_Liebenfels_R\u00fcshaus-ausen-300x237.jpg 300w\" sizes=\"(max-width: 761px) 100vw, 761px\" \/><\/figure>\n\n\n\n<p><strong>Medieninhaber und Herausgeber:<\/strong><\/p>\n\n\n\n<p>Freiwillige Feuerwehr Liebenfels<\/p>\n\n\n\n<p>Klagenfurter Stra\u00dfe 3<br>9556 Liebenfels<br>Tel.: 04215\/2122<br><a>ffliebenfels@aon.at<br><\/a><a rel=\"noreferrer noopener\" href=\"http:\/\/www.ff-liebenfels.at\/\" target=\"_blank\">http:\/\/www.ff-liebenfels.at<\/a><\/p>\n\n\n\n<p>Kommandant: Hubert Galler (0680\/12 26 666)<\/p>\n\n\n\n<p><strong>Aktualisierung und Betreuung:<\/strong><\/p>\n\n\n\n<p>Beauftrager f\u00fcr \u00d6ffentlichkeitsarbeit:<\/p>\n\n\n\n<p>LM Christopher Keutschacher<br><a href=\"mailto:christopher.keutschacher@ktn.gde.at\">christopher.keutschacher@ktn.gde.at<\/a><\/p>\n\n\n\n<p><strong>Urheberrechtserkl\u00e4rung<br \/><\/strong>Vervielf\u00e4ltigungen, Ver\u00f6ffentlichungen und\/oder Speicherungen jeder Art, ganz oder auszugsweise, elektronisch oder mechanisch, sind nur mit schriftlicher Benachrichtigung der Freiweilligen Feuerwehr Liebenfels zul\u00e4ssig. Die Erlaubnis, die von der Freiwilligen Feuerwehr Liebenfels auf diesem World Wide Web Server ver\u00f6ffentlichte Dokumentation zu benutzen, zu kopieren und zu verteilen, wird unter folgenden Bedingung erteilt:<\/p>\n<ul>\n<li>Jede Kopie muss diese Urheberrechtserkl\u00e4rung in vollem Umfang enthalten. Kein Bestandteil der Dokumentation darf f\u00fcr kommerzielle Zwecke genutzt werden, sondern ausschlie\u00dflich f\u00fcr Informationszwecke innerhalb unserer Organisation.<\/li>\n<li>Alle auf diesem World Wide Web Server ver\u00f6ffentlichten Informationen dienen rein informativen Zwecken, ohne irgendeine Art von Erkl\u00e4rung oder Garantie zu beinhalten, weder ausdr\u00fccklich noch implizit. Dies gilt auch f\u00fcr stillschweigend zugesicherte Garantien der Eignung f\u00fcr den gew\u00f6hnlichen Gebrauch, der Anwendbarkeit f\u00fcr einen besonderen Zweck oder der Nicht-Rechtsverletzung &#8211; jedoch nicht begrenzt auf diese.<\/li>\n<li>Die einzelnen Seiten k\u00f6nnen technische Ungenauigkeiten oder typographische Fehler enthalten. Der Presse- u. \u00d6ffentlichkeitsdienst d. Feuerwehr Zweikirchen kann die darin enthaltenen Informationen jederzeit \u00e4ndern und\/oder erg\u00e4nzen.<\/li>\n<\/ul>\n<p><strong>Bildhinweise<br \/><\/strong>Unsere Bilder und unser Logo stehen Ihnen bei Bedarf unter Beachtung folgender Bedingungen zur Verf\u00fcgung: Die Copyrights aller Fotos und Logos verbleiben bei der Freiwilligen Feuerwehr Liebenfels &#8211; Quellenangabe: &#8222;www.ff-liebenfels.at&#8220; und, wenn angef\u00fchrt, Namen des Fotografen. Sofern Fotos aus anderen Quellen stammen, muss dies vom Medium entsprechend angegeben werden. Die ausschlie\u00dflich private oder redaktionelle Verwendung der Fotos im Rahmen von Berichten in Zusammenhang mit der Freiwilligen Feuerwehr Liebenfels ist honorarfrei und bis auf Widerruf gestattet. F\u00fcr jede sonstige redaktionelle Verwendung der Fotos ist vorab eine Zustimmung erforderlich. Bitte nehmen Sie hierzu mit uns Kontakt auf.<\/p>\n","protected":false},"excerpt":{"rendered":"<p>Medieninhaber und Herausgeber: Freiwillige Feuerwehr Liebenfels Klagenfurter Stra\u00dfe 39556 LiebenfelsTel.: 04215\/2122ffliebenfels@aon.athttp:\/\/www.ff-liebenfels.at Kommandant: Hubert Galler (0680\/12 26 666) Aktualisierung und Betreuung: Beauftrager f\u00fcr \u00d6ffentlichkeitsarbeit: LM Christopher Keutschacherchristopher.keutschacher@ktn.gde.at Urheberrechtserkl\u00e4rungVervielf\u00e4ltigungen, Ver\u00f6ffentlichungen und\/oder Speicherungen [&hellip;]<\/p>\n","protected":false},"author":4,"featured_media":0,"parent":0,"menu_order":0,"comment_status":"closed","ping_status":"closed","template":"","meta":{"_acf_changed":false,"footnotes":""},"acf":[],"_links":{"self":[{"href":"http:\/\/www.ff-liebenfels.at\/index.php?rest_route=\/wp\/v2\/pages\/49"}],"collection":[{"href":"http:\/\/www.ff-liebenfels.at\/index.php?rest_route=\/wp\/v2\/pages"}],"about":[{"href":"http:\/\/www.ff-liebenfels.at\/index.php?rest_route=\/wp\/v2\/types\/page"}],"author":[{"embeddable":true,"href":"http:\/\/www.ff-liebenfels.at\/index.php?rest_route=\/wp\/v2\/users\/4"}],"replies":[{"embeddable":true,"href":"http:\/\/www.ff-liebenfels.at\/index.php?rest_route=%2Fwp%2Fv2%2Fcomments&post=49"}],"version-history":[{"count":16,"href":"http:\/\/www.ff-liebenfels.at\/index.php?rest_route=\/wp\/v2\/pages\/49\/revisions"}],"predecessor-version":[{"id":2548,"href":"http:\/\/www.ff-liebenfels.at\/index.php?rest_route=\/wp\/v2\/pages\/49\/revisions\/2548"}],"wp:attachment":[{"href":"http:\/\/www.ff-liebenfels.at\/index.php?rest_route=%2Fwp%2Fv2%2Fmedia&parent=49"}],"curies":[{"name":"wp","href":"https:\/\/api.w.org\/{rel}","templated":true}]}}