{"id":2,"date":"2016-09-15T14:59:47","date_gmt":"2016-09-15T12:59:47","guid":{"rendered":"http:\/\/localhost:8888\/feuerwehrv3wp\/?page_id=2"},"modified":"2020-11-09T10:33:19","modified_gmt":"2020-11-09T09:33:19","slug":"beispiel-seite","status":"publish","type":"page","link":"http:\/\/www.ff-liebenfels.at\/?page_id=2","title":{"rendered":"Geschichte der Freiwilligen Feuerwehr Liebenfels"},"content":{"rendered":"<p><span class=\"style12\"><strong>Gegr\u00fcndet 1920<\/strong><\/span><\/p>\n<p>Im M\u00e4rz 1920 wurde dem Bezirksverband der Freiwilligen Feuerwehren der Vorschlag unterbreitet,<br>die bestehende Freiwillige Feuerwehr Feistritz-Pulst &#8211; seit 1888 in der Ortschaft Pulst ans\u00e4ssig &#8211; zu teilen,<br>und eine weitere Freiwillige Feuerwehr in Feistritz, dem heutigen Liebenfels, einzurichten.<\/p>\n<p>Oberf\u00f6rster Josef Gampnigg &#8211; er war sp\u00e4ter von 1934 bis 1938 B\u00fcrgermeister &#8211; wurde zum ersten Hauptmann<br>der &#8222;Freiwliigen Feuerwehr Feistritz im Glantale&#8220; gew\u00e4hlt. An Ger\u00e4tschaften stand damals eine <br>gutfunktionierende Spritze und 138 Meter Hanfschl\u00e4uche zur Verf\u00fcgung. Um diese auch entsprechend<br>unterbringen zu k\u00f6nnen, nahm man den Bau eines Spritzenhauses in Angriff. Bei einer Haussammlung<br>erhielt man daf\u00fcr 9670 Kronen und f\u00fcr den selben Zweck wurde am 31. Juli 1921 ein Waldfest veranstaltet.&nbsp;<\/p>\n\n\n<div class=\"wp-block-image\"><figure class=\"aligncenter\"><img loading=\"lazy\" decoding=\"async\" width=\"200\" height=\"144\" src=\"http:\/\/www.ff-liebenfels.at\/wp-content\/uploads\/2018\/12\/R\u00fcsthaus-alt.jpg\" alt=\"\" class=\"wp-image-167\"\/><\/figure><\/div>\n\n\n\n<p>Der erste Einsatz der Wehr datiert laut Protokoll vom 29. September 1926, wo ein Brand eines <br>Wirtschaftsgeb\u00e4udes des Stranghofes in Zweikirchen vermerkt ist. Weitere Eins\u00e4tze datieren vom <br>17. August 1927 beim Alberer in Radelsdorf, und vom 28. M\u00e4rz 1928 beim Kajetan Wutte in Lebmach.<br>Am 09. und 13. Oktober 1933 mussten die Kameraden zu den Hochwasserkatastrophen in Feistritz, die durch<br>den Feistritzbach ausgel\u00f6st wurden, ausr\u00fccken.<br>Am 03.10.1933 fand die Er\u00f6ffnung des Spritzenhauses statt, welches bis zum Jahre 1987 Heimst\u00e4tte der Feuerwehr blieb.<\/p>\n\n\n\n<div class=\"wp-block-image\"><figure class=\"aligncenter size-large is-resized\"><img loading=\"lazy\" decoding=\"async\" src=\"http:\/\/www.ff-liebenfels.at\/wp-content\/uploads\/2020\/11\/Geraetehaus-um-1937.jpg\" alt=\"\" class=\"wp-image-921\" width=\"195\" height=\"279\" srcset=\"http:\/\/www.ff-liebenfels.at\/wp-content\/uploads\/2020\/11\/Geraetehaus-um-1937.jpg 448w, http:\/\/www.ff-liebenfels.at\/wp-content\/uploads\/2020\/11\/Geraetehaus-um-1937-210x300.jpg 210w\" sizes=\"(max-width: 195px) 100vw, 195px\" \/><\/figure><\/div>\n\n\n\n<p>In diesem Haus war ab 1935 auch der Leichenwagen untergebracht, die Freiwillige Feuerwehr betrieb viele Jahre die Bestattung im Ort. 1937 wurde die erste Motorspritze angekauft und 1938 der daf\u00fcr ben\u00f6tigte Wagen fertiggestellt. W\u00e4hrend der darauffolgenden Kriegsjahre war die Mannschaft stark reduziert und dies f\u00fchrte zu einem vor\u00fcbergehenden Einsatz von Frauen im Feuerwehrdienst. Nach den Kriegsjahren musste man vorerst mit realtiv primitiven Mitteln das Auslangen finden, so wurde 1949 das erste motorbetriebene Feuerwehrfahrzeug, ein Steyr angeschafft, dem ein Landrover folgte.<br \/>Unter Kommandant Leo G\u00f6ssinger konnte das erste Tankl\u00f6schfahrzeug, ein Opel Blitz angekauft werden. Danach folgte unter Kommandant Peter Klampfer der Beginn der totalen Modernisierung: ein neues, sehr ger\u00e4umiges R\u00fcsthaus ein drittes Einsatzfahrzeug und schlie\u00dflich unter Kommandant Alfons Leitner ein modernes Tankl\u00f6schfahrzeug.<\/p>\n<p>\u00a0<\/p>\n\n\n\n<div class=\"wp-block-image\"><figure class=\"aligncenter size-large is-resized\"><img loading=\"lazy\" decoding=\"async\" src=\"http:\/\/www.ff-liebenfels.at\/wp-content\/uploads\/2020\/11\/FF-Liebenfels-Fuhrpark-um-1988.jpg\" alt=\"\" class=\"wp-image-920\" width=\"294\" height=\"203\" srcset=\"http:\/\/www.ff-liebenfels.at\/wp-content\/uploads\/2020\/11\/FF-Liebenfels-Fuhrpark-um-1988.jpg 640w, http:\/\/www.ff-liebenfels.at\/wp-content\/uploads\/2020\/11\/FF-Liebenfels-Fuhrpark-um-1988-300x208.jpg 300w\" sizes=\"(max-width: 294px) 100vw, 294px\" \/><figcaption>Fuhrpark um 1988<\/figcaption><\/figure><\/div>\n","protected":false},"excerpt":{"rendered":"<p>Gegr\u00fcndet 1920 Im M\u00e4rz 1920 wurde dem Bezirksverband der Freiwilligen Feuerwehren der Vorschlag unterbreitet,die bestehende Freiwillige Feuerwehr Feistritz-Pulst &#8211; seit 1888 in der Ortschaft Pulst ans\u00e4ssig &#8211; zu teilen,und eine [&hellip;]<\/p>\n","protected":false},"author":4,"featured_media":0,"parent":0,"menu_order":0,"comment_status":"closed","ping_status":"open","template":"","meta":{"_acf_changed":false,"footnotes":""},"acf":[],"_links":{"self":[{"href":"http:\/\/www.ff-liebenfels.at\/index.php?rest_route=\/wp\/v2\/pages\/2"}],"collection":[{"href":"http:\/\/www.ff-liebenfels.at\/index.php?rest_route=\/wp\/v2\/pages"}],"about":[{"href":"http:\/\/www.ff-liebenfels.at\/index.php?rest_route=\/wp\/v2\/types\/page"}],"author":[{"embeddable":true,"href":"http:\/\/www.ff-liebenfels.at\/index.php?rest_route=\/wp\/v2\/users\/4"}],"replies":[{"embeddable":true,"href":"http:\/\/www.ff-liebenfels.at\/index.php?rest_route=%2Fwp%2Fv2%2Fcomments&post=2"}],"version-history":[{"count":13,"href":"http:\/\/www.ff-liebenfels.at\/index.php?rest_route=\/wp\/v2\/pages\/2\/revisions"}],"predecessor-version":[{"id":929,"href":"http:\/\/www.ff-liebenfels.at\/index.php?rest_route=\/wp\/v2\/pages\/2\/revisions\/929"}],"wp:attachment":[{"href":"http:\/\/www.ff-liebenfels.at\/index.php?rest_route=%2Fwp%2Fv2%2Fmedia&parent=2"}],"curies":[{"name":"wp","href":"https:\/\/api.w.org\/{rel}","templated":true}]}}